{"id":1507,"date":"2021-07-22T12:12:04","date_gmt":"2021-07-22T12:12:04","guid":{"rendered":"https:\/\/misses-mister-mie.de\/?page_id=1507"},"modified":"2022-06-22T14:18:03","modified_gmt":"2022-06-22T14:18:03","slug":"impressum","status":"publish","type":"page","link":"https:\/\/misses-mister-mie.de\/en\/impressum\/","title":{"rendered":"Disclaimer"},"content":{"rendered":"<h3 class=\"wp-block-heading\" id=\"impressum\"><strong>Disclaimer<\/strong><\/h3>\n\n\n\n<p>Information according to \u00a7 5 TMG<\/p>\n\n\n\n<p><strong>Kim Phi Asia Food GmbH<\/strong><\/p>\n\n\n\n<p>Managing Director: Nam Le Thanh<br>H\u00f6herweg 313<br>D-40231 D\u00fcsseldorf<\/p>\n\n\n\n<p>Phone:\u00a0<a href=\"tel:+492112396347\">+49 211 239 6347<\/a><br><a href=\"mailto:info@kimphiasiafood.de\">info@kimphiasiafood.de<\/a><\/p>\n\n\n\n<p>Register court: D\u00fcsseldorf<br>Registration number: 59478<\/p>\n\n\n\n<p><strong>Kim Phi Asia Food GmbH<\/strong><\/p>\n\n\n\n<p>Production site<br>Dahlingstrasse 230<br>D-47229 Duisburg<\/p>\n\n\n\n<p>Phone:\u00a0<a href=\"tel:+4920658365020\">+49 2065 8365 020<\/a><br><a href=\"mailto:info@kpnoodle.de\">info@kpnoodle.de<\/a><br>www.kpnoodle.de<\/p>\n\n\n\n<p><strong>Responsible for the content<\/strong><br><strong>according to Section 55 Paragraph 2 RSTV:<br><\/strong>Nam Le Thanh<br>H\u00f6herweg 313<br>D-40231 D\u00fcsseldorf<\/p>\n\n\n\n<p><a href=\"mailto:info@kimphiasiafood.de\">info@kimphiasiafood.de<\/a><br>www.kimphiasiafood.de<\/p>\n\n\n\n<h3 class=\"wp-block-heading\" id=\"umsatzsteuer-id\">VAT ID<\/h3>\n\n\n\n<p>VAT identification number according to Section 27a of the VAT Act:&nbsp;<strong>DE 272184702<\/strong><\/p>\n\n\n\n<h3 class=\"wp-block-heading\" id=\"haftungsauschluss\"><strong>Disclaimer<\/strong><\/h3>\n\n\n\n<p>Liability for content<br>As a service provider, we are responsible for our own content on these pages in accordance with Section 7 (1) of the German Telemedia Act (TMG). However, according to Sections 8 to 10 of the German Telemedia Act (TMG), as a service provider, we are not obligated to monitor transmitted or stored third-party information or to investigate circumstances that indicate illegal activity. Obligations to remove information or block the use of information under general law remain unaffected. In this case, liability is only possible at the time of knowledge about a specific violation of law. Upon knowledge of such violations, we will remove this content immediately.<\/p>\n\n\n\n<p>Liability for links<br>Our offer contains links to external third-party websites over whose content we have no influence. Therefore, we cannot accept any liability for this external content. The respective provider or operator of the pages is always responsible for the content of the linked pages. The linked pages were checked for possible legal violations at the time of linking. Illegal content was not recognizable at the time of linking. However, permanent monitoring of the content of the linked pages is not reasonable without concrete evidence of a legal violation. Upon notification of any legal violations, we will remove such links immediately.<\/p>\n\n\n\n<p>9Copyright<br>The content and works on these pages created by KIM PHI ASIAFOOD are subject to German copyright law. Reproduction, processing, distribution, and any type of exploitation outside the limits of copyright law require the written consent of the respective author or creator. Downloads and copies of this site are permitted for private, non-commercial use only. To the extent that the content on this site was not created by the operator, the copyrights of third parties are respected. In particular, third-party content is marked as such. Should you nevertheless become aware of a copyright infringement, we ask you to notify us accordingly. Upon notification of any violations, we will remove such content immediately.<\/p>\n\n\n\n<p>Note on the Consumer Dispute Resolution Act<br>According to Section 36 of the Consumer Dispute Resolution Act (VSBG), we would like to point out that KIM PHI ASIAFOOD does not participate in dispute resolution proceedings before a consumer arbitration board and is not obliged to do so.<\/p>\n\n\n\n<p><strong>Legal<br><\/strong>KIM PHI ASIAFOOD GMBH updates and supplements the information on its websites to the best of its knowledge and belief. KIM PHI ASIAFOOD GMBH assumes no liability for its timeliness, accuracy, or completeness.<br>The websites of KIM PHI ASIAFOOD GMBH and its associated brand websites (e.g., KP Noodle), as well as associated social media websites, contain hyperlinks to third-party websites. These hyperlinks do not constitute an endorsement of the content of these websites and are intended solely to facilitate internet use for visitors to the KIM PHI ASIAFOOD websites. KIM PHI ASIAFOOD GMBH assumes no responsibility for the content and information of these websites.<br>The content, structure, texts, tables, and design of the KIM PHI ASIAFOOD website are protected by copyright. Photos or images provided on the KIM PHI ASIAFOOD website may be subject to copyright. Their content and copies may not be modified, reproduced, or distributed or transmitted to third parties in any way without prior copyright and license verification and, if applicable, the consent of KIM PHI ASIAFOOD GMBH.<br>Hyperlinks may be used to refer to the KIM PHI ASIAFOOD website if the KIM PHI ASIAFOOD website being accessed becomes the sole content of the browser window.<\/p>\n\n\n\n<p>\u00a9 KIM PHI Asiafood GmbH, Germany, 2021. All rights reserved.<\/p>","protected":false},"excerpt":{"rendered":"<p>Imprint Information in accordance with Section 5 of the Telemedia Act (TMG) Kim Phi Asia Food GmbH Managing Director: Nam Le Thanh, H\u00f6herweg 313, D-40231 D\u00fcsseldorf, Tel.: +49 211 239 6347, info@kimphiasiafood.de Register court: D\u00fcsseldorf, Registration number: 59478 Kim Phi Asia Food GmbH Production site: Dahlingstr. 230, D-47229 Duisburg, Tel.: +49 2065 8365 020, info@kpnoodle.de www.kpnoodle.de Responsible for content in accordance with Section 55 (2) RSTV: Nam Le Thanh, H\u00f6herweg 313, D-40231 D\u00fcsseldorf, info@kimphiasiafood.de www.kimphiasiafood.de [\u2026]<\/p>","protected":false},"author":1,"featured_media":0,"parent":0,"menu_order":0,"comment_status":"closed","ping_status":"closed","template":"","meta":{"inline_featured_image":false,"footnotes":""},"class_list":["post-1507","page","type-page","status-publish","hentry"],"yoast_head":"<!-- This site is optimized with the Yoast SEO plugin v27.4 - https:\/\/yoast.com\/product\/yoast-seo-wordpress\/ -->\n<title>Impressum -<\/title>\n<meta name=\"description\" content=\"Mie-Nudeln von Misses Mie &amp; Mister Mie bringen schnell ein bisschen Vietnam in deine K\u00fcche. Mit sechs Sorten trifft die Mie-Nudel-Familie jeden Geschmack!\" \/>\n<meta name=\"robots\" content=\"index, follow, max-snippet:-1, max-image-preview:large, max-video-preview:-1\" \/>\n<link rel=\"canonical\" href=\"https:\/\/misses-mister-mie.de\/en\/impressum\/\" \/>\n<meta property=\"og:locale\" content=\"en_US\" \/>\n<meta property=\"og:type\" content=\"article\" \/>\n<meta property=\"og:title\" content=\"Impressum -\" \/>\n<meta property=\"og:description\" content=\"Mie-Nudeln von Misses Mie &amp; Mister Mie bringen schnell ein bisschen Vietnam in deine K\u00fcche. Mit sechs Sorten trifft die Mie-Nudel-Familie jeden Geschmack!\" \/>\n<meta property=\"og:url\" content=\"https:\/\/misses-mister-mie.de\/en\/impressum\/\" \/>\n<meta property=\"article:publisher\" content=\"https:\/\/www.facebook.com\/missesmistermie\" \/>\n<meta property=\"article:modified_time\" content=\"2022-06-22T14:18:03+00:00\" \/>\n<meta name=\"twitter:card\" content=\"summary_large_image\" \/>\n<meta name=\"twitter:label1\" content=\"Est. reading time\" \/>\n\t<meta name=\"twitter:data1\" content=\"4 minutes\" \/>\n<script type=\"application\/ld+json\" class=\"yoast-schema-graph\">{\"@context\":\"https:\\\/\\\/schema.org\",\"@graph\":[{\"@type\":\"WebPage\",\"@id\":\"https:\\\/\\\/misses-mister-mie.de\\\/impressum\\\/\",\"url\":\"https:\\\/\\\/misses-mister-mie.de\\\/impressum\\\/\",\"name\":\"Impressum -\",\"isPartOf\":{\"@id\":\"https:\\\/\\\/misses-mister-mie.de\\\/#website\"},\"datePublished\":\"2021-07-22T12:12:04+00:00\",\"dateModified\":\"2022-06-22T14:18:03+00:00\",\"description\":\"Mie-Nudeln von Misses Mie & Mister Mie bringen schnell ein bisschen Vietnam in deine K\u00fcche. Mit sechs Sorten trifft die Mie-Nudel-Familie jeden Geschmack!\",\"breadcrumb\":{\"@id\":\"https:\\\/\\\/misses-mister-mie.de\\\/impressum\\\/#breadcrumb\"},\"inLanguage\":\"en-US\",\"potentialAction\":[{\"@type\":\"ReadAction\",\"target\":[\"https:\\\/\\\/misses-mister-mie.de\\\/impressum\\\/\"]}]},{\"@type\":\"BreadcrumbList\",\"@id\":\"https:\\\/\\\/misses-mister-mie.de\\\/impressum\\\/#breadcrumb\",\"itemListElement\":[{\"@type\":\"ListItem\",\"position\":1,\"name\":\"Startseite\",\"item\":\"https:\\\/\\\/misses-mister-mie.de\\\/\"},{\"@type\":\"ListItem\",\"position\":2,\"name\":\"Impressum\"}]},{\"@type\":\"WebSite\",\"@id\":\"https:\\\/\\\/misses-mister-mie.de\\\/#website\",\"url\":\"https:\\\/\\\/misses-mister-mie.de\\\/\",\"name\":\"\",\"description\":\"Mienudeln - Made in Germany\",\"publisher\":{\"@id\":\"https:\\\/\\\/misses-mister-mie.de\\\/#organization\"},\"potentialAction\":[{\"@type\":\"SearchAction\",\"target\":{\"@type\":\"EntryPoint\",\"urlTemplate\":\"https:\\\/\\\/misses-mister-mie.de\\\/?s={search_term_string}\"},\"query-input\":{\"@type\":\"PropertyValueSpecification\",\"valueRequired\":true,\"valueName\":\"search_term_string\"}}],\"inLanguage\":\"en-US\"},{\"@type\":\"Organization\",\"@id\":\"https:\\\/\\\/misses-mister-mie.de\\\/#organization\",\"name\":\"Misses Mie & Mister Mie\",\"url\":\"https:\\\/\\\/misses-mister-mie.de\\\/\",\"logo\":{\"@type\":\"ImageObject\",\"inLanguage\":\"en-US\",\"@id\":\"https:\\\/\\\/misses-mister-mie.de\\\/#\\\/schema\\\/logo\\\/image\\\/\",\"url\":\"https:\\\/\\\/misses-mister-mie.de\\\/wp-content\\\/uploads\\\/2022\\\/03\\\/mister_misses_mie_logo.svg\",\"contentUrl\":\"https:\\\/\\\/misses-mister-mie.de\\\/wp-content\\\/uploads\\\/2022\\\/03\\\/mister_misses_mie_logo.svg\",\"width\":225,\"height\":73,\"caption\":\"Misses Mie & Mister Mie\"},\"image\":{\"@id\":\"https:\\\/\\\/misses-mister-mie.de\\\/#\\\/schema\\\/logo\\\/image\\\/\"},\"sameAs\":[\"https:\\\/\\\/www.facebook.com\\\/missesmistermie\",\"https:\\\/\\\/www.instagram.com\\\/missesmistermie\\\/\"]}]}<\/script>\n<!-- \/ Yoast SEO plugin. -->","yoast_head_json":{"title":"Imprint -","description":"Mie noodles from Misses Mie &amp; Mister Mie quickly bring a touch of Vietnam into your kitchen. With six varieties, the Mie noodle family caters to every taste!","robots":{"index":"index","follow":"follow","max-snippet":"max-snippet:-1","max-image-preview":"max-image-preview:large","max-video-preview":"max-video-preview:-1"},"canonical":"https:\/\/misses-mister-mie.de\/en\/impressum\/","og_locale":"en_US","og_type":"article","og_title":"Impressum -","og_description":"Mie-Nudeln von Misses Mie & Mister Mie bringen schnell ein bisschen Vietnam in deine K\u00fcche. Mit sechs Sorten trifft die Mie-Nudel-Familie jeden Geschmack!","og_url":"https:\/\/misses-mister-mie.de\/en\/impressum\/","article_publisher":"https:\/\/www.facebook.com\/missesmistermie","article_modified_time":"2022-06-22T14:18:03+00:00","twitter_card":"summary_large_image","twitter_misc":{"Est. reading time":"4 minutes"},"schema":{"@context":"https:\/\/schema.org","@graph":[{"@type":"WebPage","@id":"https:\/\/misses-mister-mie.de\/impressum\/","url":"https:\/\/misses-mister-mie.de\/impressum\/","name":"Imprint -","isPartOf":{"@id":"https:\/\/misses-mister-mie.de\/#website"},"datePublished":"2021-07-22T12:12:04+00:00","dateModified":"2022-06-22T14:18:03+00:00","description":"Mie noodles from Misses Mie &amp; Mister Mie quickly bring a touch of Vietnam into your kitchen. With six varieties, the Mie noodle family caters to every taste!","breadcrumb":{"@id":"https:\/\/misses-mister-mie.de\/impressum\/#breadcrumb"},"inLanguage":"en-US","potentialAction":[{"@type":"ReadAction","target":["https:\/\/misses-mister-mie.de\/impressum\/"]}]},{"@type":"BreadcrumbList","@id":"https:\/\/misses-mister-mie.de\/impressum\/#breadcrumb","itemListElement":[{"@type":"ListItem","position":1,"name":"Startseite","item":"https:\/\/misses-mister-mie.de\/"},{"@type":"ListItem","position":2,"name":"Impressum"}]},{"@type":"WebSite","@id":"https:\/\/misses-mister-mie.de\/#website","url":"https:\/\/misses-mister-mie.de\/","name":"","description":"Mienudeln - Made in Germany","publisher":{"@id":"https:\/\/misses-mister-mie.de\/#organization"},"potentialAction":[{"@type":"SearchAction","target":{"@type":"EntryPoint","urlTemplate":"https:\/\/misses-mister-mie.de\/?s={search_term_string}"},"query-input":{"@type":"PropertyValueSpecification","valueRequired":true,"valueName":"search_term_string"}}],"inLanguage":"en-US"},{"@type":"Organization","@id":"https:\/\/misses-mister-mie.de\/#organization","name":"Miss Mie &amp; Mister Mie","url":"https:\/\/misses-mister-mie.de\/","logo":{"@type":"ImageObject","inLanguage":"en-US","@id":"https:\/\/misses-mister-mie.de\/#\/schema\/logo\/image\/","url":"https:\/\/misses-mister-mie.de\/wp-content\/uploads\/2022\/03\/mister_misses_mie_logo.svg","contentUrl":"https:\/\/misses-mister-mie.de\/wp-content\/uploads\/2022\/03\/mister_misses_mie_logo.svg","width":225,"height":73,"caption":"Misses Mie & Mister Mie"},"image":{"@id":"https:\/\/misses-mister-mie.de\/#\/schema\/logo\/image\/"},"sameAs":["https:\/\/www.facebook.com\/missesmistermie","https:\/\/www.instagram.com\/missesmistermie\/"]}]}},"_links":{"self":[{"href":"https:\/\/misses-mister-mie.de\/en\/wp-json\/wp\/v2\/pages\/1507","targetHints":{"allow":["GET"]}}],"collection":[{"href":"https:\/\/misses-mister-mie.de\/en\/wp-json\/wp\/v2\/pages"}],"about":[{"href":"https:\/\/misses-mister-mie.de\/en\/wp-json\/wp\/v2\/types\/page"}],"author":[{"embeddable":true,"href":"https:\/\/misses-mister-mie.de\/en\/wp-json\/wp\/v2\/users\/1"}],"replies":[{"embeddable":true,"href":"https:\/\/misses-mister-mie.de\/en\/wp-json\/wp\/v2\/comments?post=1507"}],"version-history":[{"count":0,"href":"https:\/\/misses-mister-mie.de\/en\/wp-json\/wp\/v2\/pages\/1507\/revisions"}],"wp:attachment":[{"href":"https:\/\/misses-mister-mie.de\/en\/wp-json\/wp\/v2\/media?parent=1507"}],"curies":[{"name":"wp","href":"https:\/\/api.w.org\/{rel}","templated":true}]}}